{"id":2,"date":"2017-06-05T16:24:44","date_gmt":"2017-06-05T16:24:44","guid":{"rendered":"http:\/\/lpchile.cl\/?page_id=2"},"modified":"2017-06-06T14:57:45","modified_gmt":"2017-06-06T14:57:45","slug":"productos","status":"publish","type":"page","link":"https:\/\/lp-mexico.com\/pb\/productos\/","title":{"rendered":"Productos"},"content":{"rendered":"<p class=\"qtranxs-available-languages-message qtranxs-available-languages-message-pb\">Desculpe-nos, mas este texto est\u00e1 apenas dispon\u00edvel em <a href=\"https:\/\/lp-mexico.com\/en\/wp-json\/wp\/v2\/pages\/2\" class=\"qtranxs-available-language-link qtranxs-available-language-link-en\" title=\"English\">English<\/a>.<\/p>","protected":false},"excerpt":{"rendered":"<p>Desculpe-nos, mas este texto est\u00e1 apenas dispon\u00edvel em English.<\/p>\n","protected":false},"author":1,"featured_media":0,"parent":0,"menu_order":0,"comment_status":"closed","ping_status":"closed","template":"","meta":{"inline_featured_image":false,"footnotes":""},"class_list":["post-2","page","type-page","status-publish","hentry"],"acf":[],"yoast_head":"<!-- This site is optimized with the Yoast SEO plugin v26.9 - https:\/\/yoast.com\/product\/yoast-seo-wordpress\/ -->\n<title>Productos - LP M\u00e9xico<\/title>\n<meta name=\"robots\" content=\"index, follow, max-snippet:-1, max-image-preview:large, max-video-preview:-1\" \/>\n<link rel=\"canonical\" href=\"https:\/\/lp-mexico.com\/pb\/productos\/\" \/>\n<meta property=\"og:locale\" content=\"pt_BR\" \/>\n<meta property=\"og:type\" content=\"article\" \/>\n<meta property=\"og:title\" content=\"Productos - LP M\u00e9xico\" \/>\n<meta property=\"og:description\" content=\"Desculpe-nos, mas este texto est\u00e1 apenas dispon\u00edvel em English.\" \/>\n<meta property=\"og:url\" content=\"https:\/\/lp-mexico.com\/pb\/productos\/\" \/>\n<meta property=\"og:site_name\" content=\"LP M\u00e9xico\" \/>\n<meta property=\"article:modified_time\" content=\"2017-06-06T14:57:45+00:00\" \/>\n<meta name=\"twitter:card\" content=\"summary_large_image\" \/>\n<meta name=\"twitter:label1\" content=\"Est. tempo de leitura\" \/>\n\t<meta name=\"twitter:data1\" content=\"1 minuto\" \/>\n<script type=\"application\/ld+json\" class=\"yoast-schema-graph\">{\"@context\":\"https:\/\/schema.org\",\"@graph\":[{\"@type\":\"WebPage\",\"@id\":\"https:\/\/lp-mexico.com\/pb\/productos\/\",\"url\":\"https:\/\/lp-mexico.com\/pb\/productos\/\",\"name\":\"Productos - LP M\u00e9xico\",\"isPartOf\":{\"@id\":\"https:\/\/lp-mexico.com\/pb\/#website\"},\"datePublished\":\"2017-06-05T16:24:44+00:00\",\"dateModified\":\"2017-06-06T14:57:45+00:00\",\"inLanguage\":\"pt-BR\",\"potentialAction\":[{\"@type\":\"ReadAction\",\"target\":[[\"https:\/\/lp-mexico.com\/pb\/productos\/\"]]}]},{\"@type\":\"WebSite\",\"@id\":\"https:\/\/lp-mexico.com\/pb\/#website\",\"url\":\"https:\/\/lp-mexico.com\/pb\/\",\"name\":\"LP M\u00e9xico\",\"description\":\"LP M\u00e9xico\",\"potentialAction\":[{\"@type\":\"SearchAction\",\"target\":{\"@type\":\"EntryPoint\",\"urlTemplate\":\"https:\/\/lp-mexico.com\/pb\/?s={search_term_string}\"},\"query-input\":{\"@type\":\"PropertyValueSpecification\",\"valueRequired\":true,\"valueName\":\"search_term_string\"}}],\"inLanguage\":\"pt-BR\"}]}<\/script>\n<!-- \/ Yoast SEO plugin. -->","yoast_head_json":{"title":"Productos - LP M\u00e9xico","robots":{"index":"index","follow":"follow","max-snippet":"max-snippet:-1","max-image-preview":"max-image-preview:large","max-video-preview":"max-video-preview:-1"},"canonical":"https:\/\/lp-mexico.com\/pb\/productos\/","og_locale":"pt_BR","og_type":"article","og_title":"Productos - LP M\u00e9xico","og_description":"Desculpe-nos, mas este texto est\u00e1 apenas dispon\u00edvel em English.","og_url":"https:\/\/lp-mexico.com\/pb\/productos\/","og_site_name":"LP M\u00e9xico","article_modified_time":"2017-06-06T14:57:45+00:00","twitter_card":"summary_large_image","twitter_misc":{"Est. tempo de leitura":"1 minuto"},"schema":{"@context":"https:\/\/schema.org","@graph":[{"@type":"WebPage","@id":"https:\/\/lp-mexico.com\/pb\/productos\/","url":"https:\/\/lp-mexico.com\/pb\/productos\/","name":"Productos - LP M\u00e9xico","isPartOf":{"@id":"https:\/\/lp-mexico.com\/pb\/#website"},"datePublished":"2017-06-05T16:24:44+00:00","dateModified":"2017-06-06T14:57:45+00:00","inLanguage":"pt-BR","potentialAction":[{"@type":"ReadAction","target":[["https:\/\/lp-mexico.com\/pb\/productos\/"]]}]},{"@type":"WebSite","@id":"https:\/\/lp-mexico.com\/pb\/#website","url":"https:\/\/lp-mexico.com\/pb\/","name":"LP M\u00e9xico","description":"LP M\u00e9xico","potentialAction":[{"@type":"SearchAction","target":{"@type":"EntryPoint","urlTemplate":"https:\/\/lp-mexico.com\/pb\/?s={search_term_string}"},"query-input":{"@type":"PropertyValueSpecification","valueRequired":true,"valueName":"search_term_string"}}],"inLanguage":"pt-BR"}]}},"_links":{"self":[{"href":"https:\/\/lp-mexico.com\/pb\/wp-json\/wp\/v2\/pages\/2","targetHints":{"allow":["GET"]}}],"collection":[{"href":"https:\/\/lp-mexico.com\/pb\/wp-json\/wp\/v2\/pages"}],"about":[{"href":"https:\/\/lp-mexico.com\/pb\/wp-json\/wp\/v2\/types\/page"}],"author":[{"embeddable":true,"href":"https:\/\/lp-mexico.com\/pb\/wp-json\/wp\/v2\/users\/1"}],"replies":[{"embeddable":true,"href":"https:\/\/lp-mexico.com\/pb\/wp-json\/wp\/v2\/comments?post=2"}],"version-history":[{"count":0,"href":"https:\/\/lp-mexico.com\/pb\/wp-json\/wp\/v2\/pages\/2\/revisions"}],"wp:attachment":[{"href":"https:\/\/lp-mexico.com\/pb\/wp-json\/wp\/v2\/media?parent=2"}],"curies":[{"name":"wp","href":"https:\/\/api.w.org\/{rel}","templated":true}]}}